{"id":1511,"date":"2025-08-17T00:29:03","date_gmt":"2025-08-17T00:29:03","guid":{"rendered":"https:\/\/mediumblue-mule-882492.hostingersite.com\/?page_id=1511"},"modified":"2025-08-26T14:33:47","modified_gmt":"2025-08-26T19:33:47","slug":"fundacion-cultural-sumak-wallpary","status":"publish","type":"page","link":"https:\/\/sumakwallpary.org\/en\/fundacion-cultural-sumak-wallpary\/","title":{"rendered":"Sumak Wallpary Cultural Foundation"},"content":{"rendered":"<div class=\"wp-block-uagb-container uagb-block-5ecf55bc alignfull uagb-is-root-container\"><div class=\"uagb-container-inner-blocks-wrap\">\n<div class=\"wp-block-uagb-container uagb-layout-grid uagb-block-3b86a393\">\n<div class=\"wp-block-uagb-advanced-heading uagb-block-1e845fa3\"><h2 class=\"uagb-heading-text\">Learn more about us<\/h2><\/div>\n\n\n\n<div class=\"wp-block-uagb-advanced-heading uagb-block-cda45164\"><p class=\"uagb-heading-text\">Agreements and Partnerships. Current Projects. Transparency and Accountability. Who We Are. Resources and Publications. News and Events.<\/p><\/div>\n<\/div>\n\n\n\n<div class=\"wp-block-uagb-container uagb-block-77d649ae default uagb-is-root-container\">\n<div class=\"wp-block-uagb-info-box uagb-block-a888e595 uagb-infobox__content-wrap  uagb-infobox_cta-type-all uagb-infobox-icon-above-title uagb-infobox-image-valign-top wp-block-uagb-info-box--has-margin\"><div class=\"uagb-infobox-margin-wrapper\"><a href=\"https:\/\/sumakwallpary.org\/1566-2\/\" class=\"uagb-infobox-link-wrap uagb-infbox__link-to-all\" target=\"_self\" aria-label=\"Infobox Link\" rel=\"noopener noreferrer\" onclick=\"return true;\"><\/a><div class=\"uagb-ifb-content\"><div class=\"uagb-ifb-title-wrap\"><h6 class=\"uagb-ifb-title-prefix\">01.<\/h6><h4 class=\"uagb-ifb-title\">Agreements and Alliances<\/h4><\/div><p class=\"uagb-ifb-desc\">Here you will find the agreements and conventions signed by the Sumak Wallpary Foundation with various institutions and organizations, which reflect our commitment to cultural and community cooperation.<\/p><div class=\"uagb-ifb-button-wrapper wp-block-button\"><\/div><\/div><\/div><\/div>\n\n\n\n<div class=\"wp-block-uagb-info-box uagb-block-b8983dba uagb-infobox__content-wrap  uagb-infobox_cta-type-all uagb-infobox-icon-above-title uagb-infobox-image-valign-top wp-block-uagb-info-box--has-margin\"><div class=\"uagb-infobox-margin-wrapper\"><a href=\"https:\/\/sumakwallpary.org\/proyectos-en-marcha\/\" class=\"uagb-infobox-link-wrap uagb-infbox__link-to-all\" target=\"_self\" aria-label=\"Infobox Link\" rel=\"noopener noreferrer\" onclick=\"return true;\"><\/a><div class=\"uagb-ifb-content\"><div class=\"uagb-ifb-title-wrap\"><h6 class=\"uagb-ifb-title-prefix\">02.<\/h6><h4 class=\"uagb-ifb-title\">Projects in Progress<\/h4><\/div><p class=\"uagb-ifb-desc\">We present the cultural, social, and environmental projects we promote together with communities and strategic allies, with the goal of strengthening identity and sustainable development.<\/p><div class=\"uagb-ifb-button-wrapper wp-block-button\"><\/div><\/div><\/div><\/div>\n\n\n\n<div class=\"wp-block-uagb-info-box uagb-block-03fbfaf1 uagb-infobox__content-wrap  uagb-infobox-icon-above-title uagb-infobox-image-valign-top wp-block-uagb-info-box--has-margin\"><div class=\"uagb-infobox-margin-wrapper\"><div class=\"uagb-ifb-content\"><div class=\"uagb-ifb-title-wrap\"><h6 class=\"uagb-ifb-title-prefix\">03.<\/h6><h4 class=\"uagb-ifb-title\">Transparency and Accountability<\/h4><\/div><p class=\"uagb-ifb-desc\">We provide you with reports, accounts, and management reports, reaffirming our responsibility to the community and transparency in the use of resources.<\/p><\/div><\/div><\/div>\n<\/div>\n\n\n\n<div class=\"wp-block-uagb-container uagb-block-c01452c0 default uagb-is-root-container\">\n<div class=\"wp-block-uagb-info-box uagb-block-378972c5 uagb-infobox__content-wrap  uagb-infobox_cta-type-all uagb-infobox-icon-above-title uagb-infobox-image-valign-top wp-block-uagb-info-box--has-margin\"><div class=\"uagb-infobox-margin-wrapper\"><a href=\"https:\/\/sumakwallpary.org\/fundacion-cultural-sumak-wallpary-2\/\" class=\"uagb-infobox-link-wrap uagb-infbox__link-to-all\" target=\"_self\" aria-label=\"Infobox Link\" rel=\"noopener noreferrer\" onclick=\"return true;\"><\/a><div class=\"uagb-ifb-content\"><div class=\"uagb-ifb-title-wrap\"><h6 class=\"uagb-ifb-title-prefix\">04.<\/h6><h4 class=\"uagb-ifb-title\">Who We Are<\/h4><\/div><p class=\"uagb-ifb-desc\">Learn about our history, mission, vision, and values. Here we share who we are and why we work to strengthen culture, art, and community.<\/p><div class=\"uagb-ifb-button-wrapper wp-block-button\"><\/div><\/div><\/div><\/div>\n\n\n\n<div class=\"wp-block-uagb-info-box uagb-block-abef0172 uagb-infobox__content-wrap  uagb-infobox-icon-above-title uagb-infobox-image-valign-top wp-block-uagb-info-box--has-margin\"><div class=\"uagb-infobox-margin-wrapper\"><div class=\"uagb-ifb-content\"><div class=\"uagb-ifb-title-wrap\"><h6 class=\"uagb-ifb-title-prefix\">05.<\/h6><h4 class=\"uagb-ifb-title\">Resources and Publications<\/h4><\/div><p class=\"uagb-ifb-desc\">Access manuals, documents, research, and freely available materials that are part of the Foundation's cultural and educational work.<\/p><\/div><\/div><\/div>\n\n\n\n<div class=\"wp-block-uagb-info-box uagb-block-e652d4fc uagb-infobox__content-wrap  uagb-infobox_cta-type-all uagb-infobox-icon-above-title uagb-infobox-image-valign-top wp-block-uagb-info-box--has-margin\"><div class=\"uagb-infobox-margin-wrapper\"><a href=\"https:\/\/sumakwallpary.org\/fundacion-cultural-sumak-wallpary-eventos\/\" class=\"uagb-infobox-link-wrap uagb-infbox__link-to-all\" target=\"_self\" aria-label=\"Infobox Link\" rel=\"noopener noreferrer\" onclick=\"return true;\"><\/a><div class=\"uagb-ifb-content\"><div class=\"uagb-ifb-title-wrap\"><h6 class=\"uagb-ifb-title-prefix\">06.<\/h6><h4 class=\"uagb-ifb-title\">News and Events<\/h4><\/div><p class=\"uagb-ifb-desc\">Stay informed about the activities, workshops, presentations, and cultural gatherings we hold with the community and our partners.<\/p><div class=\"uagb-ifb-button-wrapper wp-block-button\"><\/div><\/div><\/div><\/div>\n<\/div>\n\n\n\n<div class=\"wp-block-uagb-container uagb-block-90216828 default uagb-is-root-container\">\n<div class=\"wp-block-uagb-call-to-action uagb-block-d7d5aa6a wp-block-button\"><div class=\"uagb-cta__wrap\"><h3 class=\"uagb-cta__title\">Donations and Contributions <\/h3><p class=\"uagb-cta__desc\">Your support makes it possible for us to continue promoting culture, art, and community development. With each contribution, you help strengthen our projects and make a real impact on society.<\/p><\/div><div class=\"uagb-cta__buttons\"><a href=\"#\" class=\"uagb-cta__button-link-wrapper wp-block-button__link\" target=\"_self\" rel=\"noopener noreferrer\">Join the Change<svg xmlns=\"https:\/\/www.w3.org\/2000\/svg\" viewbox=\"0 0 448 512\"><path d=\"M438.6 278.6l-160 160C272.4 444.9 264.2 448 256 448s-16.38-3.125-22.62-9.375c-12.5-12.5-12.5-32.75 0-45.25L338.8 288H32C14.33 288 .0016 273.7 .0016 256S14.33 224 32 224h306.8l-105.4-105.4c-12.5-12.5-12.5-32.75 0-45.25s32.75-12.5 45.25 0l160 160C451.1 245.9 451.1 266.1 438.6 278.6z\"><\/path><\/svg><\/a><\/div><\/div>\n<\/div>\n<\/div><\/div>\n\n\n\n<div class=\"wp-block-uagb-container uagb-block-191c689b alignfull uagb-is-root-container\"><div class=\"uagb-container-inner-blocks-wrap\"><\/div><\/div>","protected":false},"excerpt":{"rendered":"<p>Aprende m\u00e1s de nosotros Convenios y Alianzas. Proyectos en Marcha. Transparencia y rendici\u00f3n de cuentas. Qui\u00e9nes Somos. Recursos y Publicaciones. Noticias y Eventos.<\/p>","protected":false},"author":1,"featured_media":0,"parent":0,"menu_order":0,"comment_status":"closed","ping_status":"closed","template":"","meta":{"_uag_custom_page_level_css":"","site-sidebar-layout":"default","site-content-layout":"","ast-site-content-layout":"default","site-content-style":"default","site-sidebar-style":"default","ast-global-header-display":"","ast-banner-title-visibility":"","ast-main-header-display":"","ast-hfb-above-header-display":"","ast-hfb-below-header-display":"","ast-hfb-mobile-header-display":"","site-post-title":"disabled","ast-breadcrumbs-content":"","ast-featured-img":"","footer-sml-layout":"","ast-disable-related-posts":"","theme-transparent-header-meta":"","adv-header-id-meta":"","stick-header-meta":"","header-above-stick-meta":"","header-main-stick-meta":"","header-below-stick-meta":"","astra-migrate-meta-layouts":"set","ast-page-background-enabled":"default","ast-page-background-meta":{"desktop":{"background-color":"","background-image":"","background-repeat":"repeat","background-position":"center center","background-size":"auto","background-attachment":"scroll","background-type":"","background-media":"","overlay-type":"","overlay-color":"","overlay-opacity":"","overlay-gradient":""},"tablet":{"background-color":"","background-image":"","background-repeat":"repeat","background-position":"center center","background-size":"auto","background-attachment":"scroll","background-type":"","background-media":"","overlay-type":"","overlay-color":"","overlay-opacity":"","overlay-gradient":""},"mobile":{"background-color":"","background-image":"","background-repeat":"repeat","background-position":"center center","background-size":"auto","background-attachment":"scroll","background-type":"","background-media":"","overlay-type":"","overlay-color":"","overlay-opacity":"","overlay-gradient":""}},"ast-content-background-meta":{"desktop":{"background-color":"var(--ast-global-color-5)","background-image":"","background-repeat":"repeat","background-position":"center center","background-size":"auto","background-attachment":"scroll","background-type":"","background-media":"","overlay-type":"","overlay-color":"","overlay-opacity":"","overlay-gradient":""},"tablet":{"background-color":"var(--ast-global-color-5)","background-image":"","background-repeat":"repeat","background-position":"center center","background-size":"auto","background-attachment":"scroll","background-type":"","background-media":"","overlay-type":"","overlay-color":"","overlay-opacity":"","overlay-gradient":""},"mobile":{"background-color":"var(--ast-global-color-5)","background-image":"","background-repeat":"repeat","background-position":"center center","background-size":"auto","background-attachment":"scroll","background-type":"","background-media":"","overlay-type":"","overlay-color":"","overlay-opacity":"","overlay-gradient":""}},"footnotes":""},"class_list":["post-1511","page","type-page","status-publish","hentry"],"aioseo_notices":[],"uagb_featured_image_src":{"full":false,"thumbnail":false,"medium":false,"medium_large":false,"large":false,"1536x1536":false,"2048x2048":false,"trp-custom-language-flag":false},"uagb_author_info":{"display_name":"sumakwallpary@gmail.com","author_link":"https:\/\/sumakwallpary.org\/en\/author\/sumakwallparygmail-com\/"},"uagb_comment_info":0,"uagb_excerpt":"Aprende m\u00e1s de nosotros Convenios y Alianzas. Proyectos en Marcha. Transparencia y rendici\u00f3n de cuentas. Qui\u00e9nes Somos. Recursos y Publicaciones. Noticias y Eventos.","_links":{"self":[{"href":"https:\/\/sumakwallpary.org\/en\/wp-json\/wp\/v2\/pages\/1511","targetHints":{"allow":["GET"]}}],"collection":[{"href":"https:\/\/sumakwallpary.org\/en\/wp-json\/wp\/v2\/pages"}],"about":[{"href":"https:\/\/sumakwallpary.org\/en\/wp-json\/wp\/v2\/types\/page"}],"author":[{"embeddable":true,"href":"https:\/\/sumakwallpary.org\/en\/wp-json\/wp\/v2\/users\/1"}],"replies":[{"embeddable":true,"href":"https:\/\/sumakwallpary.org\/en\/wp-json\/wp\/v2\/comments?post=1511"}],"version-history":[{"count":7,"href":"https:\/\/sumakwallpary.org\/en\/wp-json\/wp\/v2\/pages\/1511\/revisions"}],"predecessor-version":[{"id":1591,"href":"https:\/\/sumakwallpary.org\/en\/wp-json\/wp\/v2\/pages\/1511\/revisions\/1591"}],"wp:attachment":[{"href":"https:\/\/sumakwallpary.org\/en\/wp-json\/wp\/v2\/media?parent=1511"}],"curies":[{"name":"wp","href":"https:\/\/api.w.org\/{rel}","templated":true}]}}