{"id":1531,"date":"2025-08-18T22:10:17","date_gmt":"2025-08-18T22:10:17","guid":{"rendered":"https:\/\/mediumblue-mule-882492.hostingersite.com\/?page_id=1531"},"modified":"2025-08-22T21:28:04","modified_gmt":"2025-08-23T02:28:04","slug":"fundacion-cultural-sumak-wallpary-2","status":"publish","type":"page","link":"https:\/\/sumakwallpary.org\/en\/fundacion-cultural-sumak-wallpary-2\/","title":{"rendered":"Sumak Wallpary Cultural Foundation \u2013 Who We Are"},"content":{"rendered":"<div class=\"wp-block-uagb-container uagb-block-5ecf55bc alignfull uagb-is-root-container\"><div class=\"uagb-container-inner-blocks-wrap\">\n<div class=\"wp-block-uagb-container uagb-layout-grid uagb-block-3b86a393\">\n<div class=\"wp-block-uagb-advanced-heading uagb-block-1e845fa3\"><h2 class=\"uagb-heading-text\">Who We Are<\/h2><\/div>\n\n\n\n<div class=\"wp-block-uagb-advanced-heading uagb-block-cda45164\"><p class=\"uagb-heading-text\">The Sumak Wallpary Cultural Foundation is a private, nonprofit organization with a social purpose, based in Otavalo, Imbabura province. We were founded with the commitment to preserve ancestral values, human dignity, and the transformative power of art as a vehicle for identity, dialogue, and community development.<\/p><\/div>\n<\/div>\n\n\n\n<p>The name Sumak Wallpary comes from the Kichwa language and means \"beautiful creation.\" This concept encapsulates the vision that guides our journey: understanding culture and art as a collective act of beauty, born from the memory of peoples and projected toward the future. <em>Sumak<\/em> expresses fullness, harmony and what is beautiful in essence; <em>Wallpary<\/em> evokes the act of creating, giving life, and forging connections. Together, they inspire us to build spaces where artistic creation is not only contemplated, but also transforms, heals, teaches, and mobilizes.<\/p>\n\n\n\n<p>Our work is aimed at:<\/p>\n\n\n\n<div class=\"wp-block-uagb-container uagb-block-aa38c4d7 default uagb-is-root-container\">\n<div class=\"wp-block-uagb-info-box uagb-block-e8fb3607 uagb-infobox__content-wrap  uagb-infobox-icon-above-title uagb-infobox-image-valign-top wp-block-uagb-info-box--has-margin\"><div class=\"uagb-infobox-margin-wrapper\"><div class=\"uagb-ifb-content\"><div class=\"uagb-ifb-title-wrap\"><h6 class=\"uagb-ifb-title-prefix\">01.<\/h6><\/div><p class=\"uagb-ifb-desc\">To rescue and strengthen cultural identity through the visual, musical, performing, and photographic arts.<\/p><\/div><\/div><\/div>\n\n\n\n<div class=\"wp-block-uagb-info-box uagb-block-bee8efad uagb-infobox__content-wrap  uagb-infobox-icon-above-title uagb-infobox-image-valign-top wp-block-uagb-info-box--has-margin\"><div class=\"uagb-infobox-margin-wrapper\"><div class=\"uagb-ifb-content\"><div class=\"uagb-ifb-title-wrap\"><h6 class=\"uagb-ifb-title-prefix\">02.<\/h6><\/div><p class=\"uagb-ifb-desc\">Accompanying children, youth, indigenous peoples, and marginalized communities, recognizing them as bearers of memory and future.<\/p><\/div><\/div><\/div>\n\n\n\n<div class=\"wp-block-uagb-info-box uagb-block-86909d13 uagb-infobox__content-wrap  uagb-infobox-icon-above-title uagb-infobox-image-valign-top wp-block-uagb-info-box--has-margin\"><div class=\"uagb-infobox-margin-wrapper\"><div class=\"uagb-ifb-content\"><div class=\"uagb-ifb-title-wrap\"><h6 class=\"uagb-ifb-title-prefix\">03.<\/h6><\/div><p class=\"uagb-ifb-desc\">Defend Pachamama, understanding that nature is the fundamental pillar of life and of all artistic and cultural creation.<\/p><\/div><\/div><\/div>\n<\/div>\n\n\n\n<div class=\"wp-block-uagb-container uagb-block-0e3efe74 default uagb-is-root-container\">\n<div class=\"wp-block-uagb-info-box uagb-block-50d1f3e5 uagb-infobox__content-wrap  uagb-infobox-icon-above-title uagb-infobox-image-valign-top wp-block-uagb-info-box--has-margin\"><div class=\"uagb-infobox-margin-wrapper\"><div class=\"uagb-ifb-content\"><div class=\"uagb-ifb-title-wrap\"><\/div><p class=\"uagb-ifb-desc\">In this sense, Sumak Wallpary projects itself as a bridge between the ancestral and the contemporary, between the indigenous worldview and global challenges. We believe that culture is not only preserved, but also constantly reinvented to respond to the challenges of our time, generating inclusion, environmental awareness, and social cohesion.<\/p><\/div><\/div><\/div>\n\n\n\n<div class=\"wp-block-uagb-info-box uagb-block-11578e44 uagb-infobox__content-wrap  uagb-infobox-icon-above-title uagb-infobox-image-valign-top wp-block-uagb-info-box--has-margin\"><div class=\"uagb-infobox-margin-wrapper\"><div class=\"uagb-ifb-content\"><div class=\"uagb-ifb-title-wrap\"><h4 class=\"uagb-ifb-title\">Mission<\/h4><\/div><p class=\"uagb-ifb-desc\">Strengthen cultural identity by promoting artistic creation, community development, social inclusion, and environmental awareness through creative, educational, and collaborative initiatives.<\/p><\/div><\/div><\/div>\n\n\n\n<div class=\"wp-block-uagb-info-box uagb-block-57d1f2b1 uagb-infobox__content-wrap  uagb-infobox-icon-above-title uagb-infobox-image-valign-top wp-block-uagb-info-box--has-margin\"><div class=\"uagb-infobox-margin-wrapper\"><div class=\"uagb-ifb-content\"><div class=\"uagb-ifb-title-wrap\"><h4 class=\"uagb-ifb-title\">Vision<\/h4><\/div><p class=\"uagb-ifb-desc\">To be a national and international benchmark in the generation of cultural projects with social impact, building bridges between ancestral memory and the contemporary challenges of art, community, and nature.<\/p><\/div><\/div><\/div>\n<\/div>\n<\/div><\/div>\n\n\n\n<div class=\"wp-block-uagb-container uagb-block-5d88ddb5 alignfull uagb-is-root-container\"><div class=\"uagb-container-inner-blocks-wrap\">\n<div class=\"wp-block-uagb-info-box uagb-block-e78d2aba uagb-infobox__content-wrap  uagb-infobox-icon-above-title uagb-infobox-image-valign-top wp-block-uagb-info-box--has-margin\"><div class=\"uagb-infobox-margin-wrapper\"><div class=\"uagb-ifb-content\"><div class=\"uagb-ifb-title-wrap\"><h3 class=\"uagb-ifb-title-prefix\">Our<\/h3><h3 class=\"uagb-ifb-title\">Team<\/h3><\/div><div class=\"uagb-ifb-separator\"><\/div><\/div><\/div><\/div>\n\n\n\n<div class=\"wp-block-uagb-container uagb-block-455e0fe3\">\n<div class=\"wp-block-uagb-advanced-heading uagb-block-2b1a27be\"><h4 class=\"uagb-heading-text\">Coordinator <\/h4><p class=\"uagb-desc-text\">Imbabura Province<\/p><\/div>\n<\/div>\n\n\n\n<div class=\"wp-block-uagb-container uagb-block-829ca1dd\">\n<div class=\"wp-block-uagb-info-box uagb-block-a82b4163 uagb-infobox__content-wrap  uagb-infobox-icon-above-title uagb-infobox-image-valign-top wp-block-uagb-info-box--has-margin\"><div class=\"uagb-infobox-margin-wrapper\"><div class=\"uagb-ifb-content\"><div class=\"uagb-ifb-image-content\"><img decoding=\"async\" src=\"https:\/\/sumakwallpary.org\/wp-content\/uploads\/2025\/08\/Diego.png\" alt=\"\" width=\"\" height=\"0\" loading=\"lazy\"\/><\/div><div class=\"uagb-ifb-title-wrap\"><h4 class=\"uagb-ifb-title\">Diego Angamarca\u200b<\/h4><\/div><p class=\"uagb-ifb-desc\"><em>Foundation Member<\/em><\/p><\/div><\/div><\/div>\n<\/div>\n<\/div><\/div>\n\n\n\n<div class=\"wp-block-uagb-container uagb-block-191c689b alignfull uagb-is-root-container\"><div class=\"uagb-container-inner-blocks-wrap\"><\/div><\/div>","protected":false},"excerpt":{"rendered":"<p>Qui\u00e9nes Somos La Fundaci\u00f3n Cultural Sumak Wallpary es una organizaci\u00f3n de derecho privado, sin fines de lucro y con finalidad social, con sede en Otavalo, provincia de Imbabura. Nacimos con el compromiso de preservar los valores ancestrales, la dignidad humana y el poder transformador del arte como veh\u00edculo de identidad, di\u00e1logo y desarrollo comunitario. El [&hellip;]<\/p>","protected":false},"author":1,"featured_media":0,"parent":0,"menu_order":0,"comment_status":"closed","ping_status":"closed","template":"","meta":{"_uag_custom_page_level_css":"","site-sidebar-layout":"default","site-content-layout":"","ast-site-content-layout":"default","site-content-style":"default","site-sidebar-style":"default","ast-global-header-display":"","ast-banner-title-visibility":"","ast-main-header-display":"","ast-hfb-above-header-display":"","ast-hfb-below-header-display":"","ast-hfb-mobile-header-display":"","site-post-title":"disabled","ast-breadcrumbs-content":"","ast-featured-img":"","footer-sml-layout":"","ast-disable-related-posts":"","theme-transparent-header-meta":"","adv-header-id-meta":"","stick-header-meta":"","header-above-stick-meta":"","header-main-stick-meta":"","header-below-stick-meta":"","astra-migrate-meta-layouts":"set","ast-page-background-enabled":"default","ast-page-background-meta":{"desktop":{"background-color":"","background-image":"","background-repeat":"repeat","background-position":"center center","background-size":"auto","background-attachment":"scroll","background-type":"","background-media":"","overlay-type":"","overlay-color":"","overlay-opacity":"","overlay-gradient":""},"tablet":{"background-color":"","background-image":"","background-repeat":"repeat","background-position":"center center","background-size":"auto","background-attachment":"scroll","background-type":"","background-media":"","overlay-type":"","overlay-color":"","overlay-opacity":"","overlay-gradient":""},"mobile":{"background-color":"","background-image":"","background-repeat":"repeat","background-position":"center center","background-size":"auto","background-attachment":"scroll","background-type":"","background-media":"","overlay-type":"","overlay-color":"","overlay-opacity":"","overlay-gradient":""}},"ast-content-background-meta":{"desktop":{"background-color":"var(--ast-global-color-5)","background-image":"","background-repeat":"repeat","background-position":"center center","background-size":"auto","background-attachment":"scroll","background-type":"","background-media":"","overlay-type":"","overlay-color":"","overlay-opacity":"","overlay-gradient":""},"tablet":{"background-color":"var(--ast-global-color-5)","background-image":"","background-repeat":"repeat","background-position":"center center","background-size":"auto","background-attachment":"scroll","background-type":"","background-media":"","overlay-type":"","overlay-color":"","overlay-opacity":"","overlay-gradient":""},"mobile":{"background-color":"var(--ast-global-color-5)","background-image":"","background-repeat":"repeat","background-position":"center center","background-size":"auto","background-attachment":"scroll","background-type":"","background-media":"","overlay-type":"","overlay-color":"","overlay-opacity":"","overlay-gradient":""}},"footnotes":""},"class_list":["post-1531","page","type-page","status-publish","hentry"],"aioseo_notices":[],"uagb_featured_image_src":{"full":false,"thumbnail":false,"medium":false,"medium_large":false,"large":false,"1536x1536":false,"2048x2048":false,"trp-custom-language-flag":false},"uagb_author_info":{"display_name":"sumakwallpary@gmail.com","author_link":"https:\/\/sumakwallpary.org\/en\/author\/sumakwallparygmail-com\/"},"uagb_comment_info":0,"uagb_excerpt":"Qui\u00e9nes Somos La Fundaci\u00f3n Cultural Sumak Wallpary es una organizaci\u00f3n de derecho privado, sin fines de lucro y con finalidad social, con sede en Otavalo, provincia de Imbabura. Nacimos con el compromiso de preservar los valores ancestrales, la dignidad humana y el poder transformador del arte como veh\u00edculo de identidad, di\u00e1logo y desarrollo comunitario. El&hellip;","_links":{"self":[{"href":"https:\/\/sumakwallpary.org\/en\/wp-json\/wp\/v2\/pages\/1531","targetHints":{"allow":["GET"]}}],"collection":[{"href":"https:\/\/sumakwallpary.org\/en\/wp-json\/wp\/v2\/pages"}],"about":[{"href":"https:\/\/sumakwallpary.org\/en\/wp-json\/wp\/v2\/types\/page"}],"author":[{"embeddable":true,"href":"https:\/\/sumakwallpary.org\/en\/wp-json\/wp\/v2\/users\/1"}],"replies":[{"embeddable":true,"href":"https:\/\/sumakwallpary.org\/en\/wp-json\/wp\/v2\/comments?post=1531"}],"version-history":[{"count":4,"href":"https:\/\/sumakwallpary.org\/en\/wp-json\/wp\/v2\/pages\/1531\/revisions"}],"predecessor-version":[{"id":1538,"href":"https:\/\/sumakwallpary.org\/en\/wp-json\/wp\/v2\/pages\/1531\/revisions\/1538"}],"wp:attachment":[{"href":"https:\/\/sumakwallpary.org\/en\/wp-json\/wp\/v2\/media?parent=1531"}],"curies":[{"name":"wp","href":"https:\/\/api.w.org\/{rel}","templated":true}]}}