{"id":1544,"date":"2025-08-21T01:22:56","date_gmt":"2025-08-21T01:22:56","guid":{"rendered":"https:\/\/mediumblue-mule-882492.hostingersite.com\/?page_id=1544"},"modified":"2025-10-08T13:17:02","modified_gmt":"2025-10-08T18:17:02","slug":"fundacion-cultural-sumak-wallpary-eventos","status":"publish","type":"page","link":"https:\/\/sumakwallpary.org\/en\/fundacion-cultural-sumak-wallpary-eventos\/","title":{"rendered":"Sumak Wallpary Cultural Foundation \u2013 Events"},"content":{"rendered":"<div class=\"wp-block-uagb-container uagb-block-5d88ddb5 alignfull uagb-is-root-container\"><div class=\"uagb-container-inner-blocks-wrap\">\n<div class=\"wp-block-uagb-info-box uagb-block-e78d2aba uagb-infobox__content-wrap  uagb-infobox-icon-above-title uagb-infobox-image-valign-top wp-block-uagb-info-box--has-margin\"><div class=\"uagb-infobox-margin-wrapper\"><div class=\"uagb-ifb-content\"><div class=\"uagb-ifb-title-wrap\"><h3 class=\"uagb-ifb-title-prefix\">11 de octubre<\/h3><h3 class=\"uagb-ifb-title\">2025<\/h3><\/div><div class=\"uagb-ifb-separator\"><\/div><\/div><\/div><\/div>\n\n\n\n<div class=\"wp-block-uagb-container uagb-block-455e0fe3\">\n<div class=\"wp-block-uagb-advanced-heading uagb-block-2b1a27be\"><h4 class=\"uagb-heading-text\">25th Festival del Sur \u2013 International Conference on Art and Culture<\/h4><p class=\"uagb-desc-text\">The Sumak Wallpary Cultural Foundation is pleased to collaborate with the 25th Festival del Sur \u2013 International Days of Art and Culture, one of the most important cultural gatherings in the region, which this year celebrates its 25th anniversary under the motto \"WE ARE.\"<br><br>This edition's commemorative poster is a work by artist Miguel \u00c1ngel Almeida, inspired by mandalas, the Andean chacana, the golden ratio, and the palindrome, as a tribute to humanity's common origins and the richness of our interbreeding. In a world plagued by conflict and imbalance, this image invites us to reflect on the need to integrate our diversity, cultures, and sensibilities into a shared horizon of balance, equality, and coexistence.<br><br>The Festival del Sur 2025 will take place from October 15 to November 30, 2025, in Quito and other cities in Ecuador, bringing together artists, collectives, and projects from different latitudes in a lively dialogue of art, culture, and community.<\/p><\/div>\n<\/div>\n\n\n\n<div class=\"wp-block-uagb-container uagb-block-829ca1dd\">\n<div class=\"wp-block-uagb-info-box uagb-block-a82b4163 uagb-infobox__content-wrap  uagb-infobox-icon-above-title uagb-infobox-image-valign-top wp-block-uagb-info-box--has-margin\"><div class=\"uagb-infobox-margin-wrapper\"><div class=\"uagb-ifb-content\"><div class=\"uagb-ifb-image-content\"><img decoding=\"async\" src=\"https:\/\/sumakwallpary.org\/wp-content\/uploads\/2025\/10\/Festival-del-Sur-Auspicio.jpg\" alt=\"\" width=\"\" height=\"0\" loading=\"lazy\"\/><\/div><div class=\"uagb-ifb-title-wrap\"><h5 class=\"uagb-ifb-title\">XXV Festival of the South<br>\u201cSOMOS\u201d<\/h5><\/div><p class=\"uagb-ifb-desc\"><em>We celebrate 25 years of art, culture, and encounter with this commemorative poster created by Miguel \u00c1ngel Almeida. An invitation to recognize ourselves in our diversity and to weave, through art, a horizon of unity and hope.<\/em><\/p><\/div><\/div><\/div>\n<\/div>\n<\/div><\/div>\n\n\n\n<figure class=\"wp-block-image size-large\"><img loading=\"lazy\" decoding=\"async\" width=\"411\" height=\"1024\" src=\"https:\/\/sumakwallpary.org\/wp-content\/uploads\/2025\/10\/Conciertazo-411x1024.jpg\" alt=\"\" class=\"wp-image-1611\" srcset=\"https:\/\/sumakwallpary.org\/wp-content\/uploads\/2025\/10\/Conciertazo-411x1024.jpg 411w, https:\/\/sumakwallpary.org\/wp-content\/uploads\/2025\/10\/Conciertazo-120x300.jpg 120w, https:\/\/sumakwallpary.org\/wp-content\/uploads\/2025\/10\/Conciertazo-616x1536.jpg 616w, https:\/\/sumakwallpary.org\/wp-content\/uploads\/2025\/10\/Conciertazo-5x12.jpg 5w, https:\/\/sumakwallpary.org\/wp-content\/uploads\/2025\/10\/Conciertazo.jpg 642w\" sizes=\"auto, (max-width: 411px) 100vw, 411px\" \/><\/figure>\n\n\n\n<div class=\"wp-block-uagb-container uagb-block-cbee07b8 alignfull uagb-is-root-container\"><div class=\"uagb-container-inner-blocks-wrap\">\n<div class=\"wp-block-uagb-info-box uagb-block-9c999389 uagb-infobox__content-wrap  uagb-infobox-icon-above-title uagb-infobox-image-valign-top wp-block-uagb-info-box--has-margin\"><div class=\"uagb-infobox-margin-wrapper\"><div class=\"uagb-ifb-content\"><div class=\"uagb-ifb-title-wrap\"><h3 class=\"uagb-ifb-title-prefix\">2024<\/h3><h3 class=\"uagb-ifb-title\">2025<\/h3><\/div><div class=\"uagb-ifb-separator\"><\/div><\/div><\/div><\/div>\n\n\n\n<div class=\"wp-block-uagb-container uagb-block-8254c22c\">\n<div class=\"wp-block-uagb-advanced-heading uagb-block-d9c35f7a\"><h4 class=\"uagb-heading-text\">Apocalypse \u2013 Work by master Alberto Santoro<\/h4><\/div>\n\n\n\n<p><br>The Sumak Wallpary Cultural Foundation, in partnership with maestro Alberto Santoro Williams, presents the collection \"Apocalypse,\" a set of works that invite reflection on humanity's greatest dilemmas.<br><br>Launched in 1999 and reissued in 2025, the series addresses themes such as the environmental crisis, armed conflict, and the fragility of human values, connecting ancestral, biblical, and contemporary symbols.<br><br>Through intense colors and dreamlike forms, Santoro reveals both the beauty and the pain of our time, calling for collective consciousness in the face of the challenges that threaten the planet and humanity.<br><br>\"Apocalypse\" is one of Santoro's most powerful works, where painting becomes a chronicle and a warning. In his canvases, feminine trees, vibrant tones, and scenes of destruction are intertwined with religious and mythological symbols, reminding us of the close relationship between nature, women, and life.<br><br>His style fuses elements of expressionism, surrealism and abstractionism, creating compositions charged with emotional force.<\/p>\n<\/div>\n\n\n\n<div class=\"wp-block-uagb-container uagb-block-5fa3ce87\">\n<div class=\"wp-block-uagb-info-box uagb-block-e4af7c11 uagb-infobox__content-wrap  uagb-infobox-icon-above-title uagb-infobox-image-valign-top wp-block-uagb-info-box--has-margin\"><div class=\"uagb-infobox-margin-wrapper\"><div class=\"uagb-ifb-content\"><div class=\"uagb-ifb-image-content\"><img decoding=\"async\" src=\"https:\/\/sumakwallpary.org\/wp-content\/uploads\/2025\/09\/Destruccion-de-la-Galaxia.jpg\" alt=\"\" width=\"\" height=\"0\" loading=\"lazy\"\/><\/div><div class=\"uagb-ifb-title-wrap\"><h5 class=\"uagb-ifb-title\">Destruction of the Galaxy<\/h5><\/div><p class=\"uagb-ifb-desc\"><em>More than a story of the end, \"Apocalypse\" is a pictorial cry against indifference: a denunciation of environmental devastation and human violence, and at the same time, a call to preserve hope and solidarity.<\/em><\/p><\/div><\/div><\/div>\n<\/div>\n<\/div><\/div>","protected":false},"excerpt":{"rendered":"<p>XXV Festival del Sur \u2013 Jornadas Internacionales de Arte y Cultura La Fundaci\u00f3n Cultural Sumak Wallpary se complace en colaborar con el XXV Festival del Sur \u2013 Jornadas Internacionales de Arte y Cultura, uno de los encuentros culturales m\u00e1s importantes de la regi\u00f3n, que en esta edici\u00f3n celebra sus 25 a\u00f1os bajo el lema \u201cSOMOS\u201d. [&hellip;]<\/p>","protected":false},"author":1,"featured_media":0,"parent":0,"menu_order":0,"comment_status":"closed","ping_status":"closed","template":"","meta":{"_uag_custom_page_level_css":"","site-sidebar-layout":"default","site-content-layout":"","ast-site-content-layout":"default","site-content-style":"default","site-sidebar-style":"default","ast-global-header-display":"","ast-banner-title-visibility":"","ast-main-header-display":"","ast-hfb-above-header-display":"","ast-hfb-below-header-display":"","ast-hfb-mobile-header-display":"","site-post-title":"disabled","ast-breadcrumbs-content":"","ast-featured-img":"","footer-sml-layout":"","ast-disable-related-posts":"","theme-transparent-header-meta":"","adv-header-id-meta":"","stick-header-meta":"","header-above-stick-meta":"","header-main-stick-meta":"","header-below-stick-meta":"","astra-migrate-meta-layouts":"set","ast-page-background-enabled":"default","ast-page-background-meta":{"desktop":{"background-color":"","background-image":"","background-repeat":"repeat","background-position":"center center","background-size":"auto","background-attachment":"scroll","background-type":"","background-media":"","overlay-type":"","overlay-color":"","overlay-opacity":"","overlay-gradient":""},"tablet":{"background-color":"","background-image":"","background-repeat":"repeat","background-position":"center center","background-size":"auto","background-attachment":"scroll","background-type":"","background-media":"","overlay-type":"","overlay-color":"","overlay-opacity":"","overlay-gradient":""},"mobile":{"background-color":"","background-image":"","background-repeat":"repeat","background-position":"center center","background-size":"auto","background-attachment":"scroll","background-type":"","background-media":"","overlay-type":"","overlay-color":"","overlay-opacity":"","overlay-gradient":""}},"ast-content-background-meta":{"desktop":{"background-color":"var(--ast-global-color-5)","background-image":"","background-repeat":"repeat","background-position":"center center","background-size":"auto","background-attachment":"scroll","background-type":"","background-media":"","overlay-type":"","overlay-color":"","overlay-opacity":"","overlay-gradient":""},"tablet":{"background-color":"var(--ast-global-color-5)","background-image":"","background-repeat":"repeat","background-position":"center center","background-size":"auto","background-attachment":"scroll","background-type":"","background-media":"","overlay-type":"","overlay-color":"","overlay-opacity":"","overlay-gradient":""},"mobile":{"background-color":"var(--ast-global-color-5)","background-image":"","background-repeat":"repeat","background-position":"center center","background-size":"auto","background-attachment":"scroll","background-type":"","background-media":"","overlay-type":"","overlay-color":"","overlay-opacity":"","overlay-gradient":""}},"footnotes":""},"class_list":["post-1544","page","type-page","status-publish","hentry"],"aioseo_notices":[],"uagb_featured_image_src":{"full":false,"thumbnail":false,"medium":false,"medium_large":false,"large":false,"1536x1536":false,"2048x2048":false,"trp-custom-language-flag":false},"uagb_author_info":{"display_name":"sumakwallpary@gmail.com","author_link":"https:\/\/sumakwallpary.org\/en\/author\/sumakwallparygmail-com\/"},"uagb_comment_info":0,"uagb_excerpt":"XXV Festival del Sur \u2013 Jornadas Internacionales de Arte y Cultura La Fundaci\u00f3n Cultural Sumak Wallpary se complace en colaborar con el XXV Festival del Sur \u2013 Jornadas Internacionales de Arte y Cultura, uno de los encuentros culturales m\u00e1s importantes de la regi\u00f3n, que en esta edici\u00f3n celebra sus 25 a\u00f1os bajo el lema \u201cSOMOS\u201d.&hellip;","_links":{"self":[{"href":"https:\/\/sumakwallpary.org\/en\/wp-json\/wp\/v2\/pages\/1544","targetHints":{"allow":["GET"]}}],"collection":[{"href":"https:\/\/sumakwallpary.org\/en\/wp-json\/wp\/v2\/pages"}],"about":[{"href":"https:\/\/sumakwallpary.org\/en\/wp-json\/wp\/v2\/types\/page"}],"author":[{"embeddable":true,"href":"https:\/\/sumakwallpary.org\/en\/wp-json\/wp\/v2\/users\/1"}],"replies":[{"embeddable":true,"href":"https:\/\/sumakwallpary.org\/en\/wp-json\/wp\/v2\/comments?post=1544"}],"version-history":[{"count":6,"href":"https:\/\/sumakwallpary.org\/en\/wp-json\/wp\/v2\/pages\/1544\/revisions"}],"predecessor-version":[{"id":1614,"href":"https:\/\/sumakwallpary.org\/en\/wp-json\/wp\/v2\/pages\/1544\/revisions\/1614"}],"wp:attachment":[{"href":"https:\/\/sumakwallpary.org\/en\/wp-json\/wp\/v2\/media?parent=1544"}],"curies":[{"name":"wp","href":"https:\/\/api.w.org\/{rel}","templated":true}]}}