{"id":1566,"date":"2025-08-21T02:49:57","date_gmt":"2025-08-21T02:49:57","guid":{"rendered":"https:\/\/mediumblue-mule-882492.hostingersite.com\/?page_id=1566"},"modified":"2025-10-22T17:54:43","modified_gmt":"2025-10-22T22:54:43","slug":"1566-2","status":"publish","type":"page","link":"https:\/\/sumakwallpary.org\/en\/1566-2\/","title":{"rendered":"Fundaci\u00f3n Cultural Sumak Wallpary &#8211; Convenios"},"content":{"rendered":"<div class=\"wp-block-uagb-container uagb-block-5d88ddb5 alignfull uagb-is-root-container\"><div class=\"uagb-container-inner-blocks-wrap\">\n<div class=\"wp-block-uagb-info-box uagb-block-e78d2aba uagb-infobox__content-wrap  uagb-infobox-icon-above-title uagb-infobox-image-valign-top wp-block-uagb-info-box--has-margin\"><div class=\"uagb-infobox-margin-wrapper\"><div class=\"uagb-ifb-content\"><div class=\"uagb-ifb-title-wrap\"><h3 class=\"uagb-ifb-title-prefix\">Sumak<\/h3><h3 class=\"uagb-ifb-title\">Wallpary\u200b<\/h3><\/div><div class=\"uagb-ifb-separator\"><\/div><\/div><\/div><\/div>\n\n\n\n<div class=\"wp-block-uagb-container uagb-block-455e0fe3\">\n<div class=\"wp-block-uagb-advanced-heading uagb-block-2b1a27be\"><h2 class=\"uagb-heading-text\">Agreements and Alliances<\/h2><p class=\"uagb-desc-text\">Here you will find the agreements and conventions signed by the Sumak Wallpary Foundation with various institutions and organizations, which reflect our commitment to cultural and community cooperation.<\/p><\/div>\n<\/div>\n<\/div><\/div>\n\n\n\n<div class=\"wp-block-uagb-call-to-action uagb-block-1e5159f1 wp-block-button\"><div class=\"uagb-cta__wrap\"><p class=\"uagb-cta__desc\"><strong>Cooperation Agreement between the Sumak Wallpary Foundation and the Lloa Cultural Lighthouse<\/strong><\/p><\/div><div class=\"uagb-cta__buttons\"><a href=\"https:\/\/sumakwallpary.org\/wp-content\/uploads\/2025\/08\/Convenio-El-Faro-Cultural-de-Lloa.pdf\" class=\"uagb-cta__button-link-wrapper wp-block-button__link\" target=\"_self\" rel=\"noopener noreferrer\">PDF<\/a><\/div><\/div>\n\n\n\n<div class=\"wp-block-uagb-call-to-action uagb-block-f38f5cf6 wp-block-button\"><div class=\"uagb-cta__wrap\"><p class=\"uagb-cta__desc\"><strong>Specific Cooperation Agreement between the Sumak Wallpary Foundation and the Faculty of Arts of the Central University of Ecuador<\/strong><\/p><\/div><div class=\"uagb-cta__buttons\"><a href=\"https:\/\/sumakwallpary.org\/wp-content\/uploads\/2025\/09\/02-Convenio-Universidad-Central.pdf\" class=\"uagb-cta__button-link-wrapper wp-block-button__link\" target=\"_self\" rel=\"noopener noreferrer\">PDF<\/a><\/div><\/div>\n\n\n\n<div class=\"wp-block-uagb-call-to-action uagb-block-1706f923 wp-block-button\"><div class=\"uagb-cta__wrap\"><p class=\"uagb-cta__desc\"><strong>Convenio de Cooperaci\u00f3n Art\u00edstica y Cultural entre La Fundaci\u00f3n Cultural Sumak Wallpary y el Art\u00edsta Pl\u00e1stico Alberto Santoro Williams<\/strong><\/p><\/div><div class=\"uagb-cta__buttons\"><a href=\"https:\/\/sumakwallpary.org\/wp-content\/uploads\/2025\/10\/Convenio-Alberto-Santoro-Williams.pdf\" class=\"uagb-cta__button-link-wrapper wp-block-button__link\" target=\"_self\" rel=\"noopener noreferrer\">PDF<\/a><\/div><\/div>\n\n\n\n<p><\/p>","protected":false},"excerpt":{"rendered":"<p>Convenios y Alianzas Aqu\u00ed encontrar\u00e1s los acuerdos y convenios firmados por la Fundaci\u00f3n Sumak Wallpary con diversas instituciones y organizaciones, que reflejan nuestro compromiso con la cooperaci\u00f3n cultural y comunitaria.<\/p>","protected":false},"author":1,"featured_media":0,"parent":0,"menu_order":0,"comment_status":"closed","ping_status":"closed","template":"","meta":{"_uag_custom_page_level_css":"","site-sidebar-layout":"default","site-content-layout":"","ast-site-content-layout":"default","site-content-style":"default","site-sidebar-style":"default","ast-global-header-display":"","ast-banner-title-visibility":"","ast-main-header-display":"","ast-hfb-above-header-display":"","ast-hfb-below-header-display":"","ast-hfb-mobile-header-display":"","site-post-title":"disabled","ast-breadcrumbs-content":"","ast-featured-img":"","footer-sml-layout":"","theme-transparent-header-meta":"","adv-header-id-meta":"","stick-header-meta":"","header-above-stick-meta":"","header-main-stick-meta":"","header-below-stick-meta":"","astra-migrate-meta-layouts":"set","ast-page-background-enabled":"default","ast-page-background-meta":{"desktop":{"background-color":"","background-image":"","background-repeat":"repeat","background-position":"center center","background-size":"auto","background-attachment":"scroll","background-type":"","background-media":"","overlay-type":"","overlay-color":"","overlay-opacity":"","overlay-gradient":""},"tablet":{"background-color":"","background-image":"","background-repeat":"repeat","background-position":"center center","background-size":"auto","background-attachment":"scroll","background-type":"","background-media":"","overlay-type":"","overlay-color":"","overlay-opacity":"","overlay-gradient":""},"mobile":{"background-color":"","background-image":"","background-repeat":"repeat","background-position":"center center","background-size":"auto","background-attachment":"scroll","background-type":"","background-media":"","overlay-type":"","overlay-color":"","overlay-opacity":"","overlay-gradient":""}},"ast-content-background-meta":{"desktop":{"background-color":"var(--ast-global-color-5)","background-image":"","background-repeat":"repeat","background-position":"center center","background-size":"auto","background-attachment":"scroll","background-type":"","background-media":"","overlay-type":"","overlay-color":"","overlay-opacity":"","overlay-gradient":""},"tablet":{"background-color":"var(--ast-global-color-5)","background-image":"","background-repeat":"repeat","background-position":"center center","background-size":"auto","background-attachment":"scroll","background-type":"","background-media":"","overlay-type":"","overlay-color":"","overlay-opacity":"","overlay-gradient":""},"mobile":{"background-color":"var(--ast-global-color-5)","background-image":"","background-repeat":"repeat","background-position":"center center","background-size":"auto","background-attachment":"scroll","background-type":"","background-media":"","overlay-type":"","overlay-color":"","overlay-opacity":"","overlay-gradient":""}},"footnotes":""},"class_list":["post-1566","page","type-page","status-publish","hentry"],"aioseo_notices":[],"uagb_featured_image_src":{"full":false,"thumbnail":false,"medium":false,"medium_large":false,"large":false,"1536x1536":false,"2048x2048":false,"trp-custom-language-flag":false},"uagb_author_info":{"display_name":"sumakwallpary@gmail.com","author_link":"https:\/\/sumakwallpary.org\/en\/author\/sumakwallparygmail-com\/"},"uagb_comment_info":0,"uagb_excerpt":"Convenios y Alianzas Aqu\u00ed encontrar\u00e1s los acuerdos y convenios firmados por la Fundaci\u00f3n Sumak Wallpary con diversas instituciones y organizaciones, que reflejan nuestro compromiso con la cooperaci\u00f3n cultural y comunitaria.","_links":{"self":[{"href":"https:\/\/sumakwallpary.org\/en\/wp-json\/wp\/v2\/pages\/1566","targetHints":{"allow":["GET"]}}],"collection":[{"href":"https:\/\/sumakwallpary.org\/en\/wp-json\/wp\/v2\/pages"}],"about":[{"href":"https:\/\/sumakwallpary.org\/en\/wp-json\/wp\/v2\/types\/page"}],"author":[{"embeddable":true,"href":"https:\/\/sumakwallpary.org\/en\/wp-json\/wp\/v2\/users\/1"}],"replies":[{"embeddable":true,"href":"https:\/\/sumakwallpary.org\/en\/wp-json\/wp\/v2\/comments?post=1566"}],"version-history":[{"count":7,"href":"https:\/\/sumakwallpary.org\/en\/wp-json\/wp\/v2\/pages\/1566\/revisions"}],"predecessor-version":[{"id":1617,"href":"https:\/\/sumakwallpary.org\/en\/wp-json\/wp\/v2\/pages\/1566\/revisions\/1617"}],"wp:attachment":[{"href":"https:\/\/sumakwallpary.org\/en\/wp-json\/wp\/v2\/media?parent=1566"}],"curies":[{"name":"wp","href":"https:\/\/api.w.org\/{rel}","templated":true}]}}